{"id":16,"date":"2014-04-27T01:50:09","date_gmt":"2014-04-26T23:50:09","guid":{"rendered":"http:\/\/www.lyre-paroissiale-surpierre.ch\/?page_id=16"},"modified":"2024-04-06T10:38:29","modified_gmt":"2024-04-06T08:38:29","slug":"contact","status":"publish","type":"page","link":"https:\/\/www.lyre-paroissiale-surpierre.ch\/?page_id=16","title":{"rendered":"Contact"},"content":{"rendered":"\n<p>Les divers membres de la soci\u00e9t\u00e9 se feront un plaisir de r\u00e9pondre \u00e0 vos demandes :<\/p>\n\n\n\n<ul class=\"wp-block-list\">\n<li>La pr\u00e9sidence : <a href=\"mailto:presidence@lyre-paroissiale-surpierre.ch?subject=[La%20Lyre%20Paroisse%20de%20Surpierre]%20\">presidence@lyre-paroissiale-surpierre.ch<\/a><\/li>\n\n\n\n<li>\u00c9cole de musique : <a href=\"mailto:ecole.musique@lyre-paroissiale-surpierre.ch?subject=[Fanfare%20Surpierre - Cadets]%20\"><span class=\"ListCellGroup-root_29bXw\"><span class=\"ListCell-root_1u6fm ListCell-primary_1Rvu5 ListCell-grouped_2Mwfb ForwardRow-localPart__1KXGP\"><span class=\"Text-size-big_2u5h3 Text-weight-bold_amaMR Text-overflow-break_Y01Ht\">ecole.musique<\/span><\/span><\/span>@lyre-paroissiale-surpierre.ch<\/a><\/li>\n\n\n\n<li>La commission musicale : <a href=\"mailto:commission.musicale@lyre-paroissiale-surpierre.ch?subject=[Fanfare%20Surpierre - Comm musicale]%20\">commission.musicale@lyre-paroissiale-surpierre.ch<\/a><\/li>\n\n\n\n<li>Le directeur : <a href=\"mailto:direction@lyre-paroissiale-surpierre.ch?subject=[Fanfare%20Surpierre - Direction]%20\">direction@lyre-paroissiale-surpierre.ch<\/a><\/li>\n\n\n\n<li>Les finances : <a href=\"mailto:finance@lyre-paroissiale-surpierre.ch?subject=[Fanfare%20Surpierre - Finance]%20\">finance@lyre-paroissiale-surpierre.ch<\/a><\/li>\n\n\n\n<li>Mat\u00e9riel : <a href=\"mailto:fournitures@lyre-paroissiale-surpierre.ch?subject=[Fanfare%20Surpierre - Fournitures]%20\">fournitures@lyre-paroissiale-surpierre.ch<\/a><\/li>\n\n\n\n<li>Info : <a href=\"mailto:info@lyre-paroissiale-surpierre.ch?subject=[Fanfare%20Surpierre - Info]%20\">info@lyre-paroissiale-surpierre.ch<\/a><\/li>\n\n\n\n<li>Le secr\u00e9tariat : <a href=\"mailto:secretariat@lyre-paroissiale-surpierre.ch?subject=[Fanfare%20Surpierre - Secr\u00e9tariat]%20\">secretariat@lyre-paroissiale-surpierre.ch<\/a><\/li>\n\n\n\n<li>Sur <a href=\"https:\/\/www.instagram.com\/la_lyre_paroissiale_surpierre\/?hl=fr\">instagram<\/a><\/li>\n<\/ul>\n\n\n\n<p>Adresse : La Lyre paroissiale de Surpierre, Au Village 36, 1528 Surpierre<\/p>\n","protected":false},"excerpt":{"rendered":"<p>Les divers membres de la soci\u00e9t\u00e9 se feront un plaisir de r\u00e9pondre \u00e0 vos demandes : Adresse : La Lyre paroissiale de Surpierre, Au Village 36, 1528 Surpierre<\/p>\n","protected":false},"author":1,"featured_media":0,"parent":0,"menu_order":20,"comment_status":"closed","ping_status":"open","template":"","meta":{"footnotes":""},"class_list":["post-16","page","type-page","status-publish","hentry"],"_links":{"self":[{"href":"https:\/\/www.lyre-paroissiale-surpierre.ch\/index.php?rest_route=\/wp\/v2\/pages\/16","targetHints":{"allow":["GET"]}}],"collection":[{"href":"https:\/\/www.lyre-paroissiale-surpierre.ch\/index.php?rest_route=\/wp\/v2\/pages"}],"about":[{"href":"https:\/\/www.lyre-paroissiale-surpierre.ch\/index.php?rest_route=\/wp\/v2\/types\/page"}],"author":[{"embeddable":true,"href":"https:\/\/www.lyre-paroissiale-surpierre.ch\/index.php?rest_route=\/wp\/v2\/users\/1"}],"replies":[{"embeddable":true,"href":"https:\/\/www.lyre-paroissiale-surpierre.ch\/index.php?rest_route=%2Fwp%2Fv2%2Fcomments&post=16"}],"version-history":[{"count":10,"href":"https:\/\/www.lyre-paroissiale-surpierre.ch\/index.php?rest_route=\/wp\/v2\/pages\/16\/revisions"}],"predecessor-version":[{"id":642,"href":"https:\/\/www.lyre-paroissiale-surpierre.ch\/index.php?rest_route=\/wp\/v2\/pages\/16\/revisions\/642"}],"wp:attachment":[{"href":"https:\/\/www.lyre-paroissiale-surpierre.ch\/index.php?rest_route=%2Fwp%2Fv2%2Fmedia&parent=16"}],"curies":[{"name":"wp","href":"https:\/\/api.w.org\/{rel}","templated":true}]}}