{"id":483,"date":"2020-06-24T21:23:41","date_gmt":"2020-06-24T19:23:41","guid":{"rendered":"http:\/\/www.lyre-paroissiale-surpierre.ch\/?page_id=483"},"modified":"2026-02-14T17:54:10","modified_gmt":"2026-02-14T16:54:10","slug":"cadets","status":"publish","type":"page","link":"https:\/\/www.lyre-paroissiale-surpierre.ch\/?page_id=483","title":{"rendered":"\u00c9cole de musique"},"content":{"rendered":"\n<p><\/p>\n\n\n\n<figure class=\"wp-block-image size-large\"><img loading=\"lazy\" decoding=\"async\" width=\"1024\" height=\"576\" src=\"https:\/\/www.lyre-paroissiale-surpierre.ch\/wp-content\/uploads\/2023\/09\/IMG_2277-1024x576.jpg\" alt=\"\" class=\"wp-image-586\" srcset=\"https:\/\/www.lyre-paroissiale-surpierre.ch\/wp-content\/uploads\/2023\/09\/IMG_2277-1024x576.jpg 1024w, https:\/\/www.lyre-paroissiale-surpierre.ch\/wp-content\/uploads\/2023\/09\/IMG_2277-300x169.jpg 300w, https:\/\/www.lyre-paroissiale-surpierre.ch\/wp-content\/uploads\/2023\/09\/IMG_2277-768x432.jpg 768w, https:\/\/www.lyre-paroissiale-surpierre.ch\/wp-content\/uploads\/2023\/09\/IMG_2277-1536x864.jpg 1536w, https:\/\/www.lyre-paroissiale-surpierre.ch\/wp-content\/uploads\/2023\/09\/IMG_2277-2048x1152.jpg 2048w, https:\/\/www.lyre-paroissiale-surpierre.ch\/wp-content\/uploads\/2023\/09\/IMG_2277-1200x675.jpg 1200w, https:\/\/www.lyre-paroissiale-surpierre.ch\/wp-content\/uploads\/2023\/09\/IMG_2277-1980x1114.jpg 1980w\" sizes=\"auto, (max-width: 1024px) 100vw, 1024px\" \/><\/figure>\n\n\n\n<figure class=\"wp-block-image size-large\"><a href=\"https:\/\/www.lyre-paroissiale-surpierre.ch\/wp-content\/uploads\/2026\/02\/IMG_3259-scaled.jpeg\"><img loading=\"lazy\" decoding=\"async\" width=\"1024\" height=\"768\" src=\"https:\/\/www.lyre-paroissiale-surpierre.ch\/wp-content\/uploads\/2026\/02\/IMG_3259-1024x768.jpeg\" alt=\"\" class=\"wp-image-741\" srcset=\"https:\/\/www.lyre-paroissiale-surpierre.ch\/wp-content\/uploads\/2026\/02\/IMG_3259-1024x768.jpeg 1024w, https:\/\/www.lyre-paroissiale-surpierre.ch\/wp-content\/uploads\/2026\/02\/IMG_3259-300x225.jpeg 300w, https:\/\/www.lyre-paroissiale-surpierre.ch\/wp-content\/uploads\/2026\/02\/IMG_3259-768x576.jpeg 768w, https:\/\/www.lyre-paroissiale-surpierre.ch\/wp-content\/uploads\/2026\/02\/IMG_3259-1536x1152.jpeg 1536w, https:\/\/www.lyre-paroissiale-surpierre.ch\/wp-content\/uploads\/2026\/02\/IMG_3259-2048x1536.jpeg 2048w, https:\/\/www.lyre-paroissiale-surpierre.ch\/wp-content\/uploads\/2026\/02\/IMG_3259-1200x900.jpeg 1200w, https:\/\/www.lyre-paroissiale-surpierre.ch\/wp-content\/uploads\/2026\/02\/IMG_3259-1980x1485.jpeg 1980w\" sizes=\"auto, (max-width: 1024px) 100vw, 1024px\" \/><\/a><\/figure>\n\n\n\n<p>Vous avez envie de d\u00e9couvrir la musique, de vous changer les id\u00e9es, ou encore de vous lancer un d\u00e9fi.<\/p>\n\n\n\n<p>En effet, la fanfare de Surpierre poss\u00e8de une \u00e9cole de musique.<\/p>\n\n\n\n<p>Pour tout compl\u00e9ment d\u2019information merci de prendre contact  par courriel \u00e0 <a href=\"mailto:ecole.musique@lyre-paroissiale-surpierre.ch\">ecole.musique@lyre-paroissiale-surpierre.ch<\/a> ou \u00e0 un membre du comit\u00e9 qui se fera un plaisir de vous communiquer le num\u00e9ro de t\u00e9l\u00e9phone du responsable des cadets.<\/p>\n","protected":false},"excerpt":{"rendered":"<p>Vous avez envie de d\u00e9couvrir la musique, de vous changer les id\u00e9es, ou encore de vous lancer un d\u00e9fi. En effet, la fanfare de Surpierre poss\u00e8de une \u00e9cole de musique. Pour tout compl\u00e9ment d\u2019information merci de prendre contact par courriel \u00e0 ecole.musique@lyre-paroissiale-surpierre.ch ou \u00e0 un membre du comit\u00e9 qui se fera un plaisir de vous [&hellip;]<\/p>\n","protected":false},"author":2,"featured_media":0,"parent":0,"menu_order":0,"comment_status":"closed","ping_status":"closed","template":"","meta":{"footnotes":""},"class_list":["post-483","page","type-page","status-publish","hentry"],"_links":{"self":[{"href":"https:\/\/www.lyre-paroissiale-surpierre.ch\/index.php?rest_route=\/wp\/v2\/pages\/483","targetHints":{"allow":["GET"]}}],"collection":[{"href":"https:\/\/www.lyre-paroissiale-surpierre.ch\/index.php?rest_route=\/wp\/v2\/pages"}],"about":[{"href":"https:\/\/www.lyre-paroissiale-surpierre.ch\/index.php?rest_route=\/wp\/v2\/types\/page"}],"author":[{"embeddable":true,"href":"https:\/\/www.lyre-paroissiale-surpierre.ch\/index.php?rest_route=\/wp\/v2\/users\/2"}],"replies":[{"embeddable":true,"href":"https:\/\/www.lyre-paroissiale-surpierre.ch\/index.php?rest_route=%2Fwp%2Fv2%2Fcomments&post=483"}],"version-history":[{"count":6,"href":"https:\/\/www.lyre-paroissiale-surpierre.ch\/index.php?rest_route=\/wp\/v2\/pages\/483\/revisions"}],"predecessor-version":[{"id":743,"href":"https:\/\/www.lyre-paroissiale-surpierre.ch\/index.php?rest_route=\/wp\/v2\/pages\/483\/revisions\/743"}],"wp:attachment":[{"href":"https:\/\/www.lyre-paroissiale-surpierre.ch\/index.php?rest_route=%2Fwp%2Fv2%2Fmedia&parent=483"}],"curies":[{"name":"wp","href":"https:\/\/api.w.org\/{rel}","templated":true}]}}