{"id":51,"date":"2014-05-18T16:32:59","date_gmt":"2014-05-18T14:32:59","guid":{"rendered":"http:\/\/www.lyre-paroissiale-surpierre.ch\/?page_id=51"},"modified":"2024-04-06T11:17:19","modified_gmt":"2024-04-06T09:17:19","slug":"liens-utiles","status":"publish","type":"page","link":"https:\/\/www.lyre-paroissiale-surpierre.ch\/?page_id=51","title":{"rendered":"Liens utiles"},"content":{"rendered":"\n<p><a href=\"https:\/\/www.giron-broye.ch\/\" target=\"_blank\" rel=\"noreferrer noopener\">Giron des Musiques broyardes<\/a><\/p>\n\n\n\n<p><a href=\"https:\/\/www.scmf.ch\/fr\/\" target=\"_blank\" rel=\"noreferrer noopener\">Soci\u00e9t\u00e9 cantonale des musiques Fribourgeoise<\/a><\/p>\n\n\n\n<p><a href=\"http:\/\/www.afjm.ch\" target=\"_blank\" rel=\"noopener noreferrer\">Association Fribourgeoise des Jeunes Musiciens (AFJM)<\/a><\/p>\n\n\n\n<p><a href=\"http:\/\/fm2018.lyre-paroissiale-surpierre.ch\/\" target=\"_blank\" rel=\"noopener noreferrer\">Surpierre2018 &#8211; 97\u00e8me giron des musiques broyarde 2018<\/a><\/p>\n","protected":false},"excerpt":{"rendered":"<p>Giron des Musiques broyardes Soci\u00e9t\u00e9 cantonale des musiques Fribourgeoise Association Fribourgeoise des Jeunes Musiciens (AFJM) Surpierre2018 &#8211; 97\u00e8me giron des musiques broyarde 2018<\/p>\n","protected":false},"author":2,"featured_media":0,"parent":0,"menu_order":40,"comment_status":"closed","ping_status":"open","template":"","meta":{"footnotes":""},"class_list":["post-51","page","type-page","status-publish","hentry"],"_links":{"self":[{"href":"https:\/\/www.lyre-paroissiale-surpierre.ch\/index.php?rest_route=\/wp\/v2\/pages\/51","targetHints":{"allow":["GET"]}}],"collection":[{"href":"https:\/\/www.lyre-paroissiale-surpierre.ch\/index.php?rest_route=\/wp\/v2\/pages"}],"about":[{"href":"https:\/\/www.lyre-paroissiale-surpierre.ch\/index.php?rest_route=\/wp\/v2\/types\/page"}],"author":[{"embeddable":true,"href":"https:\/\/www.lyre-paroissiale-surpierre.ch\/index.php?rest_route=\/wp\/v2\/users\/2"}],"replies":[{"embeddable":true,"href":"https:\/\/www.lyre-paroissiale-surpierre.ch\/index.php?rest_route=%2Fwp%2Fv2%2Fcomments&post=51"}],"version-history":[{"count":7,"href":"https:\/\/www.lyre-paroissiale-surpierre.ch\/index.php?rest_route=\/wp\/v2\/pages\/51\/revisions"}],"predecessor-version":[{"id":653,"href":"https:\/\/www.lyre-paroissiale-surpierre.ch\/index.php?rest_route=\/wp\/v2\/pages\/51\/revisions\/653"}],"wp:attachment":[{"href":"https:\/\/www.lyre-paroissiale-surpierre.ch\/index.php?rest_route=%2Fwp%2Fv2%2Fmedia&parent=51"}],"curies":[{"name":"wp","href":"https:\/\/api.w.org\/{rel}","templated":true}]}}