{"id":54,"date":"2014-05-18T16:38:33","date_gmt":"2014-05-18T14:38:33","guid":{"rendered":"http:\/\/www.lyre-paroissiale-surpierre.ch\/?page_id=54"},"modified":"2024-04-06T10:54:30","modified_gmt":"2024-04-06T08:54:30","slug":"historique","status":"publish","type":"page","link":"https:\/\/www.lyre-paroissiale-surpierre.ch\/?page_id=54","title":{"rendered":"Historique"},"content":{"rendered":"\n<p>La partie histoire du site traite deux sujets.<\/p>\n\n\n\n<p>Le premier, divis\u00e9 en deux parties, est l&rsquo;historique de la fanfare. Il s&rsquo;agit d&rsquo;une liste des \u00e9v\u00e8nements plus ou moins importants qui ont eut lieu depuis la cr\u00e9ation de la Lyre, en 1945, jusqu&rsquo;\u00e0 nos jours, en passant par les changement d&rsquo;uniformes et les f\u00eates de la musique auxquelles la Lyre participa.<\/p>\n\n\n\n<ul class=\"wp-block-list\">\n<li><a href=\"\/?page_id=57\">Historique de 1945 \u00e0 1980<\/a><\/li>\n\n\n\n<li><a title=\"Historique de 1982 \u00e0 nos jours\" href=\"\/?page_id=71\">Historique de 1982 \u00e0 nos jours<\/a><\/li>\n<\/ul>\n\n\n\n<p>Le second sujet est une explication des diff\u00e9rences entre un <a href=\"\/?page_id=84\">brass band et une fanfare<\/a>.<\/p>\n","protected":false},"excerpt":{"rendered":"<p>La partie histoire du site traite deux sujets. Le premier, divis\u00e9 en deux parties, est l&rsquo;historique de la fanfare. Il s&rsquo;agit d&rsquo;une liste des \u00e9v\u00e8nements plus ou moins importants qui ont eut lieu depuis la cr\u00e9ation de la Lyre, en 1945, jusqu&rsquo;\u00e0 nos jours, en passant par les changement d&rsquo;uniformes et les f\u00eates de la [&hellip;]<\/p>\n","protected":false},"author":2,"featured_media":0,"parent":0,"menu_order":50,"comment_status":"closed","ping_status":"open","template":"","meta":{"footnotes":""},"class_list":["post-54","page","type-page","status-publish","hentry"],"_links":{"self":[{"href":"https:\/\/www.lyre-paroissiale-surpierre.ch\/index.php?rest_route=\/wp\/v2\/pages\/54","targetHints":{"allow":["GET"]}}],"collection":[{"href":"https:\/\/www.lyre-paroissiale-surpierre.ch\/index.php?rest_route=\/wp\/v2\/pages"}],"about":[{"href":"https:\/\/www.lyre-paroissiale-surpierre.ch\/index.php?rest_route=\/wp\/v2\/types\/page"}],"author":[{"embeddable":true,"href":"https:\/\/www.lyre-paroissiale-surpierre.ch\/index.php?rest_route=\/wp\/v2\/users\/2"}],"replies":[{"embeddable":true,"href":"https:\/\/www.lyre-paroissiale-surpierre.ch\/index.php?rest_route=%2Fwp%2Fv2%2Fcomments&post=54"}],"version-history":[{"count":14,"href":"https:\/\/www.lyre-paroissiale-surpierre.ch\/index.php?rest_route=\/wp\/v2\/pages\/54\/revisions"}],"predecessor-version":[{"id":644,"href":"https:\/\/www.lyre-paroissiale-surpierre.ch\/index.php?rest_route=\/wp\/v2\/pages\/54\/revisions\/644"}],"wp:attachment":[{"href":"https:\/\/www.lyre-paroissiale-surpierre.ch\/index.php?rest_route=%2Fwp%2Fv2%2Fmedia&parent=54"}],"curies":[{"name":"wp","href":"https:\/\/api.w.org\/{rel}","templated":true}]}}