{"id":57,"date":"2014-05-18T16:47:53","date_gmt":"2014-05-18T14:47:53","guid":{"rendered":"http:\/\/www.lyre-paroissiale-surpierre.ch\/?page_id=57"},"modified":"2024-04-06T10:55:20","modified_gmt":"2024-04-06T08:55:20","slug":"historique-de-1945-a-1980","status":"publish","type":"page","link":"https:\/\/www.lyre-paroissiale-surpierre.ch\/?page_id=57","title":{"rendered":"Historique de 1945 \u00e0 1980"},"content":{"rendered":"\n<h1 class=\"wp-block-heading\">1945<\/h1>\n\n\n\n<p>Signature des statuts par 32 membres<br>Le pr\u00e9sident est M. Georges BALLIF<br>La premi\u00e8re baguette est remise \u00e0 M. Henri ROULLIER<\/p>\n\n\n\n<h1 class=\"wp-block-heading\">1946<\/h1>\n\n\n\n<p>Premier Giron des musiques broyardes \u00e0 F\u00e9tigny (en civil)<\/p>\n\n\n\n<h1 class=\"wp-block-heading\">1947<\/h1>\n\n\n\n<p>Achat d&rsquo;une banni\u00e8re, Le 25 mai. Mme Rosa CHATTON et M. Louis THIERRIN en sont marraine et parrain<\/p>\n\n\n\n<h1 class=\"wp-block-heading\">1947<\/h1>\n\n\n\n<p>Achat d&rsquo;uniforme (occasion) repris de l&rsquo;Instrum de Payerne<\/p>\n\n\n\n<h1 class=\"wp-block-heading\">1952<\/h1>\n\n\n\n<p>Adh\u00e9sion \u00e0 la SCMF (soci\u00e9t\u00e9 cantonale des musiques Fribourgeoises)<\/p>\n\n\n\n<h1 class=\"wp-block-heading\">1957<\/h1>\n\n\n\n<p>Nouvel uniforme<\/p>\n\n\n\n<h1 class=\"wp-block-heading\">1960<\/h1>\n\n\n\n<p>1er Concours Cantonal \u00e0 Fribourg<\/p>\n\n\n\n<h1 class=\"wp-block-heading\">1964<\/h1>\n\n\n\n<p>Organisation du Giron des musiques broyardes FR VD<\/p>\n\n\n\n<h1 class=\"wp-block-heading\">1970<\/h1>\n\n\n\n<p>Nouvelle banni\u00e8re parrain\u00e9e par Mme Marcelle KOESTLI de Gen\u00e8ve et M. Henri BONGARD de Surpierre<\/p>\n\n\n\n<h1 class=\"wp-block-heading\">1978<\/h1>\n\n\n\n<p>Nouvel uniforme<\/p>\n\n\n\n<h1 class=\"wp-block-heading\">1980<\/h1>\n\n\n\n<p>Participation au concours cantonal \u00e0 Treyvaux<\/p>\n","protected":false},"excerpt":{"rendered":"<p>1945 Signature des statuts par 32 membresLe pr\u00e9sident est M. Georges BALLIFLa premi\u00e8re baguette est remise \u00e0 M. Henri ROULLIER 1946 Premier Giron des musiques broyardes \u00e0 F\u00e9tigny (en civil) 1947 Achat d&rsquo;une banni\u00e8re, Le 25 mai. Mme Rosa CHATTON et M. Louis THIERRIN en sont marraine et parrain 1947 Achat d&rsquo;uniforme (occasion) repris de [&hellip;]<\/p>\n","protected":false},"author":2,"featured_media":0,"parent":54,"menu_order":0,"comment_status":"closed","ping_status":"open","template":"","meta":{"footnotes":""},"class_list":["post-57","page","type-page","status-publish","hentry"],"_links":{"self":[{"href":"https:\/\/www.lyre-paroissiale-surpierre.ch\/index.php?rest_route=\/wp\/v2\/pages\/57","targetHints":{"allow":["GET"]}}],"collection":[{"href":"https:\/\/www.lyre-paroissiale-surpierre.ch\/index.php?rest_route=\/wp\/v2\/pages"}],"about":[{"href":"https:\/\/www.lyre-paroissiale-surpierre.ch\/index.php?rest_route=\/wp\/v2\/types\/page"}],"author":[{"embeddable":true,"href":"https:\/\/www.lyre-paroissiale-surpierre.ch\/index.php?rest_route=\/wp\/v2\/users\/2"}],"replies":[{"embeddable":true,"href":"https:\/\/www.lyre-paroissiale-surpierre.ch\/index.php?rest_route=%2Fwp%2Fv2%2Fcomments&post=57"}],"version-history":[{"count":5,"href":"https:\/\/www.lyre-paroissiale-surpierre.ch\/index.php?rest_route=\/wp\/v2\/pages\/57\/revisions"}],"predecessor-version":[{"id":646,"href":"https:\/\/www.lyre-paroissiale-surpierre.ch\/index.php?rest_route=\/wp\/v2\/pages\/57\/revisions\/646"}],"up":[{"embeddable":true,"href":"https:\/\/www.lyre-paroissiale-surpierre.ch\/index.php?rest_route=\/wp\/v2\/pages\/54"}],"wp:attachment":[{"href":"https:\/\/www.lyre-paroissiale-surpierre.ch\/index.php?rest_route=%2Fwp%2Fv2%2Fmedia&parent=57"}],"curies":[{"name":"wp","href":"https:\/\/api.w.org\/{rel}","templated":true}]}}