{"id":706,"date":"2025-03-18T13:48:16","date_gmt":"2025-03-18T12:48:16","guid":{"rendered":"https:\/\/www.lyre-paroissiale-surpierre.ch\/?page_id=706"},"modified":"2025-03-18T14:26:32","modified_gmt":"2025-03-18T13:26:32","slug":"80eme","status":"publish","type":"page","link":"https:\/\/www.lyre-paroissiale-surpierre.ch\/?page_id=706","title":{"rendered":"80\u00e8me"},"content":{"rendered":"\n<p>La f\u00eate de notre 80\u00e8me anniversaire se pr\u00e9pare pour la fin de l&rsquo;ann\u00e9e 2025.<\/p>\n\n\n\n<p>Plus de d\u00e9tail sur notre soir\u00e9e repas: <a href=\"https:\/\/www.lyre-paroissiale-surpierre.ch\/?page_id=710\" data-type=\"page\" data-id=\"710\">Inscription repas 80\u00e8me<\/a><\/p>\n\n\n\n<p><\/p>\n","protected":false},"excerpt":{"rendered":"<p>La f\u00eate de notre 80\u00e8me anniversaire se pr\u00e9pare pour la fin de l&rsquo;ann\u00e9e 2025. Plus de d\u00e9tail sur notre soir\u00e9e repas: Inscription repas 80\u00e8me<\/p>\n","protected":false},"author":2,"featured_media":0,"parent":0,"menu_order":0,"comment_status":"closed","ping_status":"closed","template":"","meta":{"footnotes":""},"class_list":["post-706","page","type-page","status-publish","hentry"],"_links":{"self":[{"href":"https:\/\/www.lyre-paroissiale-surpierre.ch\/index.php?rest_route=\/wp\/v2\/pages\/706","targetHints":{"allow":["GET"]}}],"collection":[{"href":"https:\/\/www.lyre-paroissiale-surpierre.ch\/index.php?rest_route=\/wp\/v2\/pages"}],"about":[{"href":"https:\/\/www.lyre-paroissiale-surpierre.ch\/index.php?rest_route=\/wp\/v2\/types\/page"}],"author":[{"embeddable":true,"href":"https:\/\/www.lyre-paroissiale-surpierre.ch\/index.php?rest_route=\/wp\/v2\/users\/2"}],"replies":[{"embeddable":true,"href":"https:\/\/www.lyre-paroissiale-surpierre.ch\/index.php?rest_route=%2Fwp%2Fv2%2Fcomments&post=706"}],"version-history":[{"count":2,"href":"https:\/\/www.lyre-paroissiale-surpierre.ch\/index.php?rest_route=\/wp\/v2\/pages\/706\/revisions"}],"predecessor-version":[{"id":714,"href":"https:\/\/www.lyre-paroissiale-surpierre.ch\/index.php?rest_route=\/wp\/v2\/pages\/706\/revisions\/714"}],"wp:attachment":[{"href":"https:\/\/www.lyre-paroissiale-surpierre.ch\/index.php?rest_route=%2Fwp%2Fv2%2Fmedia&parent=706"}],"curies":[{"name":"wp","href":"https:\/\/api.w.org\/{rel}","templated":true}]}}