{"id":71,"date":"2014-05-18T17:22:12","date_gmt":"2014-05-18T15:22:12","guid":{"rendered":"http:\/\/www.lyre-paroissiale-surpierre.ch\/?page_id=71"},"modified":"2024-04-06T10:55:33","modified_gmt":"2024-04-06T08:55:33","slug":"historique-de-1982-a-nos-jours","status":"publish","type":"page","link":"https:\/\/www.lyre-paroissiale-surpierre.ch\/?page_id=71","title":{"rendered":"Historique de 1982 \u00e0 nos jours"},"content":{"rendered":"\n<h1 class=\"wp-block-heading\">1982<\/h1>\n\n\n\n<p>Organisation pour la 2\u00e8me fois de la rencontre des<br>musiques broyardes (VD FR) Pr\u00e9sident Pierre Maillard<\/p>\n\n\n\n<h1 class=\"wp-block-heading\">1984<\/h1>\n\n\n\n<p>F\u00eate des musiques \u00e0 Estavayer-le-Lac<\/p>\n\n\n\n<h1 class=\"wp-block-heading\">1985<\/h1>\n\n\n\n<p>Concours Cantonal \u00e0 Morat<br>F\u00eate des musiques \u00e0 Grandcour<\/p>\n\n\n\n<h1 class=\"wp-block-heading\">1986<\/h1>\n\n\n\n<p>F\u00eate des musiques \u00e0 F\u00e9tigny<br>B\u00e9nichon \u00e0 Mallerey<\/p>\n\n\n\n<h1 class=\"wp-block-heading\">1987<\/h1>\n\n\n\n<p>F\u00eate des musiques \u00e0 St-Martin<br>F\u00eate des musiques \u00e0 Dompierre-Russy<br>F\u00eate des vendanges \u00e0 Cheyres<\/p>\n\n\n\n<h1 class=\"wp-block-heading\">1988<\/h1>\n\n\n\n<p>F\u00eate des musiques \u00e0 Payerne<br>Sortie \u00e0 Reconvillier<\/p>\n\n\n\n<h1 class=\"wp-block-heading\">1989<\/h1>\n\n\n\n<p>F\u00eate des musiques \u00e0 Domdidier<br>F\u00eate d&rsquo;\u00e9t\u00e9 de la Soci\u00e9t\u00e9 Ste-Eloi Ch\u00e2teau-Renard<\/p>\n\n\n\n<h1 class=\"wp-block-heading\">1990<\/h1>\n\n\n\n<p>F\u00eate des musiques \u00e0 Montagny-Cousset<\/p>\n\n\n\n<h1 class=\"wp-block-heading\">1991<\/h1>\n\n\n\n<p>F\u00eate des musiques \u00e0 Forel-Autavaux<br>F\u00eates des moissons \u00e0 Cudrefin<\/p>\n\n\n\n<h1 class=\"wp-block-heading\">1992<\/h1>\n\n\n\n<p>F\u00eate des musiques \u00e0 Rueyres-Bussy-S\u00e9vaz-Morens<\/p>\n\n\n\n<h1 class=\"wp-block-heading\">1993<\/h1>\n\n\n\n<p>F\u00eate des musiques \u00e0 St-Aubin<br>Sortie \u00e0 Martigny<\/p>\n\n\n\n<h1 class=\"wp-block-heading\">1995<\/h1>\n\n\n\n<p>Inauguration d&rsquo;une n<span class=\"fontstyle0\">ouvelle banni\u00e8re, parrain\u00e9e par Mme Andr\u00e9a Gavillet et <\/span><span class=\"fontstyle0\">M. Bernard Volery<\/span><\/p>\n\n\n\n<figure class=\"wp-block-image\"><a href=\"https:\/\/www.lyre-paroissiale-surpierre.ch\/wp-content\/uploads\/2014\/05\/inaug_drapeau_chateau.jpg\"><img loading=\"lazy\" decoding=\"async\" width=\"300\" height=\"201\" src=\"https:\/\/www.lyre-paroissiale-surpierre.ch\/wp-content\/uploads\/2014\/05\/inaug_drapeau_chateau-300x201.jpg\" alt=\"inaug_drapeau_chateau\" class=\"wp-image-89\" srcset=\"https:\/\/www.lyre-paroissiale-surpierre.ch\/wp-content\/uploads\/2014\/05\/inaug_drapeau_chateau-300x201.jpg 300w, https:\/\/www.lyre-paroissiale-surpierre.ch\/wp-content\/uploads\/2014\/05\/inaug_drapeau_chateau.jpg 1021w\" sizes=\"auto, (max-width: 300px) 100vw, 300px\" \/><\/a><\/figure>\n\n\n\n<figure class=\"wp-block-image\"><a href=\"https:\/\/www.lyre-paroissiale-surpierre.ch\/wp-content\/uploads\/2014\/04\/banniere.jpg\"><img loading=\"lazy\" decoding=\"async\" width=\"300\" height=\"297\" src=\"https:\/\/www.lyre-paroissiale-surpierre.ch\/wp-content\/uploads\/2014\/04\/banniere-300x297.jpg\" alt=\"banniere\" class=\"wp-image-7\" srcset=\"https:\/\/www.lyre-paroissiale-surpierre.ch\/wp-content\/uploads\/2014\/04\/banniere-300x297.jpg 300w, https:\/\/www.lyre-paroissiale-surpierre.ch\/wp-content\/uploads\/2014\/04\/banniere-150x150.jpg 150w, https:\/\/www.lyre-paroissiale-surpierre.ch\/wp-content\/uploads\/2014\/04\/banniere.jpg 567w\" sizes=\"auto, (max-width: 300px) 100vw, 300px\" \/><\/a><\/figure>\n\n\n\n<p>Participation \u00e0 la f\u00eate cantonale des musiques \u00e0 Broc<\/p>\n\n\n\n<h1 class=\"wp-block-heading\">1999<\/h1>\n\n\n\n<p>78\u00e8me f\u00eate des musiques \u00e0 Surpierre, pr\u00e9sid\u00e9 par Monsieur Jo\u00ebl Catillaz<\/p>\n\n\n\n<h1 class=\"wp-block-heading\">2000<\/h1>\n\n\n\n<p>Participation \u00e0 la f\u00eate cantonale des musiques<span class=\"fontstyle0\"> \u00e0 Estavayer-le-Lac<\/span><\/p>\n\n\n\n<h1 class=\"wp-block-heading\">2002<\/h1>\n\n\n\n<p>Nouvel uniforme (actuel)<\/p>\n\n\n<div class=\"wp-block-image\">\n<figure class=\"aligncenter\"><a href=\"https:\/\/www.lyre-paroissiale-surpierre.ch\/wp-content\/uploads\/2014\/05\/jaune.jpg\"><img loading=\"lazy\" decoding=\"async\" width=\"300\" height=\"207\" src=\"https:\/\/www.lyre-paroissiale-surpierre.ch\/wp-content\/uploads\/2014\/05\/jaune-300x207.jpg\" alt=\"jaune\" class=\"wp-image-91\" srcset=\"https:\/\/www.lyre-paroissiale-surpierre.ch\/wp-content\/uploads\/2014\/05\/jaune-300x207.jpg 300w, https:\/\/www.lyre-paroissiale-surpierre.ch\/wp-content\/uploads\/2014\/05\/jaune.jpg 966w\" sizes=\"auto, (max-width: 300px) 100vw, 300px\" \/><\/a><\/figure>\n<\/div>\n\n\n<h1 class=\"wp-block-heading\">2010<\/h1>\n\n\n\n<p>F\u00eate des 65 ans de la soci\u00e9t\u00e9<\/p>\n\n\n\n<p>F\u00eate des musiques \u00e0 Granges-Marnand<\/p>\n\n\n\n<h1 class=\"wp-block-heading\">2011<\/h1>\n\n\n\n<p>F\u00eate des musiques \u00e0 Rueyres-les-Pr\u00e9s<\/p>\n\n\n\n<h1 class=\"wp-block-heading\">2012<\/h1>\n\n\n\n<p>F\u00eate des musiques \u00e0 St-Aubin<\/p>\n\n\n\n<h1 class=\"wp-block-heading\">2013<\/h1>\n\n\n\n<p>F\u00eate des musiques \u00e0 Combremont-le-Grand<\/p>\n\n\n\n<h1 class=\"wp-block-heading\">2014<\/h1>\n\n\n\n<p>F\u00eate des musiques \u00e0 Avenches<\/p>\n\n\n\n<h1 class=\"wp-block-heading\">2015<\/h1>\n\n\n\n<p>F\u00eate des musiques \u00e0 Payerne<\/p>\n\n\n\n<p>Participation \u00e0 la f\u00eate cantonale des musiques<span class=\"fontstyle0\"> \u00e0 <\/span><span class=\"fontstyle0\">W\u00fcnnewil<\/span><\/p>\n\n\n\n<h1 class=\"wp-block-heading\">2016<\/h1>\n\n\n\n<p>F\u00eate des musiques \u00e0 L\u00e9chelles<\/p>\n\n\n\n<h1 class=\"wp-block-heading\">2017<\/h1>\n\n\n\n<p>F\u00eate des musiques \u00e0 Cugy<\/p>\n\n\n\n<h1 class=\"wp-block-heading\">2018<\/h1>\n\n\n\n<p>97\u00e8me f\u00eate des musiques <span class=\"fontstyle0\">broyarde<\/span> \u00e0 Surpierre<\/p>\n\n\n\n<figure class=\"wp-block-image\"><a href=\"https:\/\/www.lyre-paroissiale-surpierre.ch\/wp-content\/uploads\/2017\/10\/logo-vectoriel-texte-84-54.png\"><img loading=\"lazy\" decoding=\"async\" width=\"300\" height=\"193\" src=\"https:\/\/www.lyre-paroissiale-surpierre.ch\/wp-content\/uploads\/2017\/10\/logo-vectoriel-texte-84-54-300x193.png\" alt=\"\" class=\"wp-image-194\" srcset=\"https:\/\/www.lyre-paroissiale-surpierre.ch\/wp-content\/uploads\/2017\/10\/logo-vectoriel-texte-84-54-300x193.png 300w, https:\/\/www.lyre-paroissiale-surpierre.ch\/wp-content\/uploads\/2017\/10\/logo-vectoriel-texte-84-54-768x494.png 768w, https:\/\/www.lyre-paroissiale-surpierre.ch\/wp-content\/uploads\/2017\/10\/logo-vectoriel-texte-84-54.png 992w\" sizes=\"auto, (max-width: 300px) 100vw, 300px\" \/><\/a><\/figure>\n\n\n\n<p>Nouveau directeur Monsieur <em><strong>Christian Cano<\/strong><\/em><\/p>\n\n\n\n<h1 class=\"wp-block-heading\">2019<\/h1>\n\n\n\n<p>F\u00eate des musiques \u00e0 Corcelles-pr\u00e8s-Payerne<\/p>\n\n\n\n<p>Prestation au Ramdam festival \u00e0 Surpierre<\/p>\n\n\n\n<p>Sortie familiale \u00e0 Broc<\/p>\n\n\n\n<h1 class=\"wp-block-heading\">2020<\/h1>\n\n\n\n<p>Concert Annuel sous le th\u00e8me \u00ab\u00a0Notre Dame de Paris\u00a0\u00bb annul\u00e9 \u00e0 cause Covid&#8230;<\/p>\n\n\n\n<h1 class=\"wp-block-heading\">2021<\/h1>\n\n\n\n<p>Covid&#8230;&#8230;<\/p>\n\n\n\n<h1 class=\"wp-block-heading\">2022<\/h1>\n\n\n\n<p>D\u00e9c\u00e8s du Pr\u00e9sident d&rsquo;organisation de la F\u00eate des Musiques 2018, Monsieur Philippe Ballif<\/p>\n\n\n\n<p>F\u00eate des musiques \u00e0 F\u00e9tigny<\/p>\n\n\n\n<p>Nouvelle directrice, Madame <strong><em>Sylvie Cantin<\/em><\/strong><\/p>\n\n\n\n<h1 class=\"wp-block-heading\">2023<\/h1>\n\n\n\n<p>F\u00eate des musiques \u00e0 Grandcour.<\/p>\n","protected":false},"excerpt":{"rendered":"<p>1982 Organisation pour la 2\u00e8me fois de la rencontre desmusiques broyardes (VD FR) Pr\u00e9sident Pierre Maillard 1984 F\u00eate des musiques \u00e0 Estavayer-le-Lac 1985 Concours Cantonal \u00e0 MoratF\u00eate des musiques \u00e0 Grandcour 1986 F\u00eate des musiques \u00e0 F\u00e9tignyB\u00e9nichon \u00e0 Mallerey 1987 F\u00eate des musiques \u00e0 St-MartinF\u00eate des musiques \u00e0 Dompierre-RussyF\u00eate des vendanges \u00e0 Cheyres 1988 F\u00eate [&hellip;]<\/p>\n","protected":false},"author":1,"featured_media":0,"parent":54,"menu_order":0,"comment_status":"closed","ping_status":"open","template":"","meta":{"footnotes":""},"class_list":["post-71","page","type-page","status-publish","hentry"],"_links":{"self":[{"href":"https:\/\/www.lyre-paroissiale-surpierre.ch\/index.php?rest_route=\/wp\/v2\/pages\/71","targetHints":{"allow":["GET"]}}],"collection":[{"href":"https:\/\/www.lyre-paroissiale-surpierre.ch\/index.php?rest_route=\/wp\/v2\/pages"}],"about":[{"href":"https:\/\/www.lyre-paroissiale-surpierre.ch\/index.php?rest_route=\/wp\/v2\/types\/page"}],"author":[{"embeddable":true,"href":"https:\/\/www.lyre-paroissiale-surpierre.ch\/index.php?rest_route=\/wp\/v2\/users\/1"}],"replies":[{"embeddable":true,"href":"https:\/\/www.lyre-paroissiale-surpierre.ch\/index.php?rest_route=%2Fwp%2Fv2%2Fcomments&post=71"}],"version-history":[{"count":14,"href":"https:\/\/www.lyre-paroissiale-surpierre.ch\/index.php?rest_route=\/wp\/v2\/pages\/71\/revisions"}],"predecessor-version":[{"id":647,"href":"https:\/\/www.lyre-paroissiale-surpierre.ch\/index.php?rest_route=\/wp\/v2\/pages\/71\/revisions\/647"}],"up":[{"embeddable":true,"href":"https:\/\/www.lyre-paroissiale-surpierre.ch\/index.php?rest_route=\/wp\/v2\/pages\/54"}],"wp:attachment":[{"href":"https:\/\/www.lyre-paroissiale-surpierre.ch\/index.php?rest_route=%2Fwp%2Fv2%2Fmedia&parent=71"}],"curies":[{"name":"wp","href":"https:\/\/api.w.org\/{rel}","templated":true}]}}