{"id":710,"date":"2025-03-18T14:01:09","date_gmt":"2025-03-18T13:01:09","guid":{"rendered":"https:\/\/www.lyre-paroissiale-surpierre.ch\/?page_id=710"},"modified":"2025-07-03T21:46:54","modified_gmt":"2025-07-03T19:46:54","slug":"inscription-repas-80eme","status":"publish","type":"page","link":"https:\/\/www.lyre-paroissiale-surpierre.ch\/?page_id=710","title":{"rendered":"Inscription repas 80\u00e8me"},"content":{"rendered":"\n<p>Vous avez la possibilit\u00e9 de vous inscrire au repas de notre 80\u00e8me anniversaire o\u00f9 quelques surprises vous attendrons avec ce <a href=\"https:\/\/forms.cloud.microsoft\/Pages\/ResponsePage.aspx?id=DQSIkWdsW0yxEjajBLZtrQAAAAAAAAAAAAMAAKEDsmlUOVFKRkJOTzlIV0JDVzNHREVRVVk1OUFMMS4u\">formulaire<\/a> ou directement ci-dessous.<\/p>\n\n\n\n<iframe loading=\"lazy\" width=\"640px\" height=\"480px\" src=\"https:\/\/forms.cloud.microsoft\/Pages\/ResponsePage.aspx?id=DQSIkWdsW0yxEjajBLZtrQAAAAAAAAAAAAMAAKEDsmlUOVFKRkJOTzlIV0JDVzNHREVRVVk1OUFMMS4u&#038;embed=true\" frameborder=\"0\" marginwidth=\"0\" marginheight=\"0\" style=\"border: none; max-width:100%; max-height:100vh\" allowfullscreen webkitallowfullscreen mozallowfullscreen msallowfullscreen> <\/iframe>\n","protected":false},"excerpt":{"rendered":"<p>Vous avez la possibilit\u00e9 de vous inscrire au repas de notre 80\u00e8me anniversaire o\u00f9 quelques surprises vous attendrons avec ce formulaire ou directement ci-dessous.<\/p>\n","protected":false},"author":2,"featured_media":0,"parent":706,"menu_order":0,"comment_status":"closed","ping_status":"closed","template":"","meta":{"footnotes":""},"class_list":["post-710","page","type-page","status-publish","hentry"],"_links":{"self":[{"href":"https:\/\/www.lyre-paroissiale-surpierre.ch\/index.php?rest_route=\/wp\/v2\/pages\/710","targetHints":{"allow":["GET"]}}],"collection":[{"href":"https:\/\/www.lyre-paroissiale-surpierre.ch\/index.php?rest_route=\/wp\/v2\/pages"}],"about":[{"href":"https:\/\/www.lyre-paroissiale-surpierre.ch\/index.php?rest_route=\/wp\/v2\/types\/page"}],"author":[{"embeddable":true,"href":"https:\/\/www.lyre-paroissiale-surpierre.ch\/index.php?rest_route=\/wp\/v2\/users\/2"}],"replies":[{"embeddable":true,"href":"https:\/\/www.lyre-paroissiale-surpierre.ch\/index.php?rest_route=%2Fwp%2Fv2%2Fcomments&post=710"}],"version-history":[{"count":2,"href":"https:\/\/www.lyre-paroissiale-surpierre.ch\/index.php?rest_route=\/wp\/v2\/pages\/710\/revisions"}],"predecessor-version":[{"id":722,"href":"https:\/\/www.lyre-paroissiale-surpierre.ch\/index.php?rest_route=\/wp\/v2\/pages\/710\/revisions\/722"}],"up":[{"embeddable":true,"href":"https:\/\/www.lyre-paroissiale-surpierre.ch\/index.php?rest_route=\/wp\/v2\/pages\/706"}],"wp:attachment":[{"href":"https:\/\/www.lyre-paroissiale-surpierre.ch\/index.php?rest_route=%2Fwp%2Fv2%2Fmedia&parent=710"}],"curies":[{"name":"wp","href":"https:\/\/api.w.org\/{rel}","templated":true}]}}