{"id":84,"date":"2014-05-18T19:12:18","date_gmt":"2014-05-18T17:12:18","guid":{"rendered":"http:\/\/www.lyre-paroissiale-surpierre.ch\/?page_id=84"},"modified":"2024-04-06T10:54:46","modified_gmt":"2024-04-06T08:54:46","slug":"brass-band-ou-fanfare","status":"publish","type":"page","link":"https:\/\/www.lyre-paroissiale-surpierre.ch\/?page_id=84","title":{"rendered":"Brass band ou fanfare"},"content":{"rendered":"\n<p>La Lyre Paroissiale de Surpierre est un brass band, et non pas une fanfare. Le brass band est en effet un organisme qui est compos\u00e9 de cuivres et de percussions. La fanfare est, elle aussi, compos\u00e9e d&rsquo;instruments du registre des cuivres, mais n&rsquo;est pas forc\u00e9ment accompagn\u00e9e par des percussions.<br>Le style musical est assez large : se limitant au jazz au d\u00e9but, les brass bands ont vite commenc\u00e9 \u00e0 jouer d&rsquo;autres styles, comme par exemple des marches militaires, des airs de danse ou des airs folkloriques.<br>L&rsquo;un des plus c\u00e9l\u00e8bres compositeurs pour brass band est l&rsquo;am\u00e9ricain John Philip Sousa (1854-1932), qui \u00e9crivit de nombreuses marches militaires.<br>Le brass band fait partie de la vie musicale de la Nouvelle Orl\u00e9ans ; c&rsquo;\u00e9tait \u00e0 l&rsquo;occasion de pique-niques, de r\u00e9unions sportives, et de f\u00eates qu&rsquo;il jouait le plus souvent.<\/p>\n","protected":false},"excerpt":{"rendered":"<p>La Lyre Paroissiale de Surpierre est un brass band, et non pas une fanfare. Le brass band est en effet un organisme qui est compos\u00e9 de cuivres et de percussions. La fanfare est, elle aussi, compos\u00e9e d&rsquo;instruments du registre des cuivres, mais n&rsquo;est pas forc\u00e9ment accompagn\u00e9e par des percussions.Le style musical est assez large : [&hellip;]<\/p>\n","protected":false},"author":1,"featured_media":0,"parent":54,"menu_order":0,"comment_status":"closed","ping_status":"open","template":"","meta":{"footnotes":""},"class_list":["post-84","page","type-page","status-publish","hentry"],"_links":{"self":[{"href":"https:\/\/www.lyre-paroissiale-surpierre.ch\/index.php?rest_route=\/wp\/v2\/pages\/84","targetHints":{"allow":["GET"]}}],"collection":[{"href":"https:\/\/www.lyre-paroissiale-surpierre.ch\/index.php?rest_route=\/wp\/v2\/pages"}],"about":[{"href":"https:\/\/www.lyre-paroissiale-surpierre.ch\/index.php?rest_route=\/wp\/v2\/types\/page"}],"author":[{"embeddable":true,"href":"https:\/\/www.lyre-paroissiale-surpierre.ch\/index.php?rest_route=\/wp\/v2\/users\/1"}],"replies":[{"embeddable":true,"href":"https:\/\/www.lyre-paroissiale-surpierre.ch\/index.php?rest_route=%2Fwp%2Fv2%2Fcomments&post=84"}],"version-history":[{"count":3,"href":"https:\/\/www.lyre-paroissiale-surpierre.ch\/index.php?rest_route=\/wp\/v2\/pages\/84\/revisions"}],"predecessor-version":[{"id":645,"href":"https:\/\/www.lyre-paroissiale-surpierre.ch\/index.php?rest_route=\/wp\/v2\/pages\/84\/revisions\/645"}],"up":[{"embeddable":true,"href":"https:\/\/www.lyre-paroissiale-surpierre.ch\/index.php?rest_route=\/wp\/v2\/pages\/54"}],"wp:attachment":[{"href":"https:\/\/www.lyre-paroissiale-surpierre.ch\/index.php?rest_route=%2Fwp%2Fv2%2Fmedia&parent=84"}],"curies":[{"name":"wp","href":"https:\/\/api.w.org\/{rel}","templated":true}]}}